{"id":36,"date":"2025-10-01T08:25:51","date_gmt":"2025-10-01T08:25:51","guid":{"rendered":"https:\/\/midus.lt\/paslaugos\/"},"modified":"2026-02-27T16:07:35","modified_gmt":"2026-02-27T14:07:35","slug":"degustacijos","status":"publish","type":"page","link":"https:\/\/midus.lt\/lt_lt\/degustacijos\/","title":{"rendered":"Degustacijos"},"content":{"rendered":"\n<div class=\"wp-block-cover alignfull\" style=\"margin-top:0;margin-bottom:0;padding-top:var(--wp--preset--spacing--80);padding-right:var(--wp--preset--spacing--20);padding-bottom:var(--wp--preset--spacing--80);padding-left:var(--wp--preset--spacing--20);min-height:472px;aspect-ratio:unset;\"><img loading=\"lazy\" decoding=\"async\" width=\"1024\" height=\"589\" class=\"wp-block-cover__image-background wp-image-192 size-large\" alt=\"\" src=\"https:\/\/midus.lt\/wp-content\/uploads\/2025\/10\/IMG_9239-1024x589.jpg\" data-object-fit=\"cover\" srcset=\"https:\/\/midus.lt\/wp-content\/uploads\/2025\/10\/IMG_9239-1024x589.jpg 1024w, https:\/\/midus.lt\/wp-content\/uploads\/2025\/10\/IMG_9239-300x173.jpg 300w, https:\/\/midus.lt\/wp-content\/uploads\/2025\/10\/IMG_9239-768x442.jpg 768w, https:\/\/midus.lt\/wp-content\/uploads\/2025\/10\/IMG_9239-1536x883.jpg 1536w, https:\/\/midus.lt\/wp-content\/uploads\/2025\/10\/IMG_9239-2048x1178.jpg 2048w\" sizes=\"auto, (max-width: 1024px) 100vw, 1024px\" \/><span aria-hidden=\"true\" class=\"wp-block-cover__background has-secondary-background-color has-background-dim-60 has-background-dim\"><\/span><div class=\"wp-block-cover__inner-container has-global-padding is-layout-constrained wp-container-core-cover-is-layout-b25c834f wp-block-cover-is-layout-constrained\">\n<div class=\"wp-block-group has-global-padding is-layout-constrained wp-block-group-is-layout-constrained\">\n<h2 class=\"wp-block-heading has-text-align-center has-xx-large-font-size\"><strong>Degustacijos<\/strong><\/h2>\n\n\n\n<h2 class=\"wp-block-heading has-text-align-center has-large-font-size\">Atraskite unikalius midaus skonius<\/h2>\n\n\n\n<p class=\"has-text-align-center\" style=\"margin-top:16px\">Su\u017einokite, kaip u\u017esisakyti midaus degustacij\u0105 ir pasim\u0117gauti m\u016bs\u0173 i\u0161skirtiniais g\u0117rimais<\/p>\n<\/div>\n<\/div><\/div>\n\n\n\n<div class=\"wp-block-group alignfull has-background-background-color has-background has-global-padding is-layout-constrained wp-container-core-group-is-layout-254d6575 wp-block-group-is-layout-constrained\" style=\"margin-top:0;margin-bottom:0;padding-top:var(--wp--preset--spacing--60);padding-right:var(--wp--preset--spacing--30);padding-bottom:var(--wp--preset--spacing--60);padding-left:var(--wp--preset--spacing--30)\">\n<div class=\"wp-block-group alignwide is-vertical is-layout-flex wp-container-core-group-is-layout-e1300cac wp-block-group-is-layout-flex\">\n<h2 class=\"wp-block-heading\">Degustacij\u0173 kainos<\/h2>\n\n\n\n<p class=\"has-medium-font-size\" style=\"margin-top:16px\">Si\u016blome i\u0161bandyti sekan\u010dias degustacijas. Priimamos ne ma\u017eesn\u0117s kaip 8-i\u0173 asmen\u0173, ne jaunesni\u0173 nei 20 met\u0173 am\u017eiaus, lankytoj\u0173 grup\u0117s. Reikalinga i\u0161ankstin\u0117 registracija.<\/p>\n<\/div>\n\n\n\n<div class=\"wp-block-columns alignwide is-layout-flex wp-container-core-columns-is-layout-e1fea541 wp-block-columns-is-layout-flex\" style=\"margin-top:var(--wp--preset--spacing--50)\">\n<div class=\"wp-block-column is-layout-flow wp-block-column-is-layout-flow\">\n<div class=\"wp-block-group has-tertiary-background-color has-background has-global-padding is-layout-constrained wp-container-core-group-is-layout-eb524166 wp-block-group-is-layout-constrained\" style=\"border-radius:1.5rem;padding-top:var(--wp--preset--spacing--40);padding-right:var(--wp--preset--spacing--30);padding-bottom:var(--wp--preset--spacing--40);padding-left:var(--wp--preset--spacing--30)\">\n<h2 class=\"wp-block-heading\" style=\"margin-top:12px\">20,00 \u20ac<\/h2>\n\n\n\n<h3 class=\"wp-block-heading\" style=\"margin-top:16px;font-size:clamp(14px, 0.875rem + ((1vw - 3.2px) * 0.625), 20px);\">4-ri\u0173 g\u0117rim\u0173 degustacija<\/h3>\n\n\n\n<p class=\"has-small-font-size\" style=\"margin-top:var(--wp--preset--spacing--40)\">Degustuojamas 1-os r\u016b\u0161ies midus ir 3-j\u0173 r\u016b\u0161i\u0173 stiprieji g\u0117rimai. Organizuojama ekskursija po midaus muziej\u0173.<\/p>\n\n\n\n<div class=\"wp-block-buttons is-layout-flex wp-block-buttons-is-layout-flex\" style=\"margin-top:var(--wp--preset--spacing--40)\">\n<div class=\"wp-block-button has-custom-width wp-block-button__width-100\"><a class=\"wp-block-button__link wp-element-button\" href=\"https:\/\/midus.lt\/kontaktai\">Susisiekime<\/a><\/div>\n<\/div>\n<\/div>\n<\/div>\n\n\n\n<div class=\"wp-block-column is-layout-flow wp-block-column-is-layout-flow\">\n<div class=\"wp-block-group has-tertiary-background-color has-background has-global-padding is-layout-constrained wp-container-core-group-is-layout-eb524166 wp-block-group-is-layout-constrained\" style=\"border-radius:1.5rem;padding-top:var(--wp--preset--spacing--40);padding-right:var(--wp--preset--spacing--30);padding-bottom:var(--wp--preset--spacing--40);padding-left:var(--wp--preset--spacing--30)\">\n<h2 class=\"wp-block-heading\" style=\"margin-top:12px\">22,00 \u20ac<\/h2>\n\n\n\n<h3 class=\"wp-block-heading\" style=\"margin-top:16px;font-size:clamp(14px, 0.875rem + ((1vw - 3.2px) * 0.625), 20px);\">5-ki\u0173 g\u0117rim\u0173 degustacija<\/h3>\n\n\n\n<p class=\"has-small-font-size\" style=\"margin-top:var(--wp--preset--spacing--40)\">Degustuojami 2-j\u0173 r\u016b\u0161i\u0173 mid\u016bs ir 3-j\u0173 r\u016b\u0161i\u0173 stiprieji g\u0117rimai. Organizuojama ekskursija po midaus muziej\u0173.<\/p>\n\n\n\n<div class=\"wp-block-buttons is-layout-flex wp-block-buttons-is-layout-flex\" style=\"margin-top:var(--wp--preset--spacing--40)\">\n<div class=\"wp-block-button has-custom-width wp-block-button__width-100\"><a class=\"wp-block-button__link wp-element-button\" href=\"https:\/\/midus.lt\/kontaktai\">Susisiekime<\/a><\/div>\n<\/div>\n<\/div>\n<\/div>\n\n\n\n<div class=\"wp-block-column is-layout-flow wp-block-column-is-layout-flow\">\n<div class=\"wp-block-group has-tertiary-background-color has-background has-global-padding is-layout-constrained wp-container-core-group-is-layout-eb524166 wp-block-group-is-layout-constrained\" style=\"border-radius:1.5rem;padding-top:var(--wp--preset--spacing--40);padding-right:var(--wp--preset--spacing--30);padding-bottom:var(--wp--preset--spacing--40);padding-left:var(--wp--preset--spacing--30)\">\n<h2 class=\"wp-block-heading\" style=\"margin-top:12px\">26,00 \u20ac<\/h2>\n\n\n\n<h3 class=\"wp-block-heading\" style=\"margin-top:16px;font-size:clamp(14px, 0.875rem + ((1vw - 3.2px) * 0.625), 20px);\">6-\u0161i\u0173 g\u0117rim\u0173 degustacija<\/h3>\n\n\n\n<p class=\"has-small-font-size\" style=\"margin-top:var(--wp--preset--spacing--40)\">Degustuojami 2-j\u0173 r\u016b\u0161i\u0173 mid\u016bs ir 4-ri\u0173 r\u016b\u0161i\u0173 stiprieji g\u0117rimai. Organizuojama ekskursija po midaus muziej\u0173.<\/p>\n\n\n\n<div class=\"wp-block-buttons is-layout-flex wp-block-buttons-is-layout-flex\" style=\"margin-top:var(--wp--preset--spacing--40)\">\n<div class=\"wp-block-button has-custom-width wp-block-button__width-100\"><a class=\"wp-block-button__link wp-element-button\" href=\"https:\/\/midus.lt\/kontaktai\">Susisiekime<\/a><\/div>\n<\/div>\n<\/div>\n<\/div>\n<\/div>\n\n\n\n<div class=\"wp-block-columns alignwide is-layout-flex wp-container-core-columns-is-layout-e1fea541 wp-block-columns-is-layout-flex\" style=\"margin-top:var(--wp--preset--spacing--50)\">\n<div class=\"wp-block-column is-layout-flow wp-block-column-is-layout-flow\">\n<div class=\"wp-block-group has-tertiary-background-color has-background has-global-padding is-layout-constrained wp-container-core-group-is-layout-eb524166 wp-block-group-is-layout-constrained\" style=\"border-radius:1.5rem;padding-top:var(--wp--preset--spacing--40);padding-right:var(--wp--preset--spacing--30);padding-bottom:var(--wp--preset--spacing--40);padding-left:var(--wp--preset--spacing--30)\">\n<h2 class=\"wp-block-heading\" style=\"margin-top:12px\">85,00 \u20ac<\/h2>\n\n\n\n<h3 class=\"wp-block-heading\" style=\"margin-top:16px;font-size:clamp(14px, 0.875rem + ((1vw - 3.2px) * 0.625), 20px);\">Ekskursija be degustacijos<\/h3>\n\n\n\n<p class=\"has-small-font-size\" style=\"margin-top:var(--wp--preset--spacing--40)\">Organizuojama ekskursija po midaus muziej\u0173.<\/p>\n\n\n\n<div class=\"wp-block-buttons is-layout-flex wp-block-buttons-is-layout-flex\" style=\"margin-top:var(--wp--preset--spacing--40)\">\n<div class=\"wp-block-button has-custom-width wp-block-button__width-100\"><a class=\"wp-block-button__link wp-element-button\" href=\"https:\/\/midus.lt\/kontaktai\">Susisiekime<\/a><\/div>\n<\/div>\n<\/div>\n<\/div>\n\n\n\n<div class=\"wp-block-column is-layout-flow wp-block-column-is-layout-flow\">\n<div class=\"wp-block-group has-tertiary-background-color has-background has-global-padding is-layout-constrained wp-container-core-group-is-layout-eb524166 wp-block-group-is-layout-constrained\" style=\"border-radius:1.5rem;padding-top:var(--wp--preset--spacing--40);padding-right:var(--wp--preset--spacing--30);padding-bottom:var(--wp--preset--spacing--40);padding-left:var(--wp--preset--spacing--30)\">\n<h2 class=\"wp-block-heading\" style=\"margin-top:12px\">Derinama<\/h2>\n\n\n\n<h3 class=\"wp-block-heading\" style=\"margin-top:16px;font-size:clamp(14px, 0.875rem + ((1vw - 3.2px) * 0.625), 20px);\">Degustacija Vilniaus senamiestyje<\/h3>\n\n\n\n<p class=\"has-small-font-size\" style=\"margin-top:var(--wp--preset--spacing--40)\">Pagal susitarim\u0105.<\/p>\n\n\n\n<div class=\"wp-block-buttons is-layout-flex wp-block-buttons-is-layout-flex\" style=\"margin-top:var(--wp--preset--spacing--40)\">\n<div class=\"wp-block-button has-custom-width wp-block-button__width-100\"><a class=\"wp-block-button__link wp-element-button\" href=\"https:\/\/midus.lt\/kontaktai\">Susisiekime<\/a><\/div>\n<\/div>\n<\/div>\n<\/div>\n\n\n\n<div class=\"wp-block-column is-layout-flow wp-block-column-is-layout-flow\">\n<div class=\"wp-block-group has-tertiary-background-color has-background has-global-padding is-layout-constrained wp-container-core-group-is-layout-eb524166 wp-block-group-is-layout-constrained\" style=\"border-radius:1.5rem;padding-top:var(--wp--preset--spacing--40);padding-right:var(--wp--preset--spacing--30);padding-bottom:var(--wp--preset--spacing--40);padding-left:var(--wp--preset--spacing--30)\">\n<h2 class=\"wp-block-heading\" style=\"margin-top:12px\">Derinama<\/h2>\n\n\n\n<h3 class=\"wp-block-heading\" style=\"margin-top:16px;font-size:clamp(14px, 0.875rem + ((1vw - 3.2px) * 0.625), 20px);\">I\u0161va\u017eiuojamoji degustacija<\/h3>\n\n\n\n<p class=\"has-small-font-size\" style=\"margin-top:var(--wp--preset--spacing--40)\">Pagal susitarim\u0105.<\/p>\n\n\n\n<div class=\"wp-block-buttons is-layout-flex wp-block-buttons-is-layout-flex\" style=\"margin-top:var(--wp--preset--spacing--40)\">\n<div class=\"wp-block-button has-custom-width wp-block-button__width-100\"><a class=\"wp-block-button__link wp-element-button\" href=\"https:\/\/midus.lt\/kontaktai\">Susisiekime<\/a><\/div>\n<\/div>\n<\/div>\n<\/div>\n<\/div>\n<\/div>\n\n\n\n<p><\/p>\n","protected":false},"excerpt":{"rendered":"<p>Degustacij\u0173 kainos Si\u016blome i\u0161bandyti sekan\u010dias degustacijas. Priimamos ne ma\u017eesn\u0117s kaip 8-i\u0173 asmen\u0173, ne jaunesni\u0173 nei 20 met\u0173 am\u017eiaus, lankytoj\u0173 grup\u0117s. Reikalinga i\u0161ankstin\u0117 registracija. 20,00 \u20ac 4-ri\u0173 g\u0117rim\u0173 degustacija Degustuojamas 1-os r\u016b\u0161ies midus ir 3-j\u0173 r\u016b\u0161i\u0173 stiprieji g\u0117rimai. Organizuojama ekskursija po midaus muziej\u0173. 22,00 \u20ac 5-ki\u0173 g\u0117rim\u0173 degustacija Degustuojami 2-j\u0173 r\u016b\u0161i\u0173 mid\u016bs ir 3-j\u0173 r\u016b\u0161i\u0173 stiprieji [&hellip;]<\/p>\n","protected":false},"author":1,"featured_media":0,"parent":0,"menu_order":0,"comment_status":"closed","ping_status":"closed","template":"no-title-sticky-header","meta":{"footnotes":""},"class_list":["post-36","page","type-page","status-publish","hentry"],"aioseo_notices":[],"_links":{"self":[{"href":"https:\/\/midus.lt\/lt_lt\/wp-json\/wp\/v2\/pages\/36","targetHints":{"allow":["GET"]}}],"collection":[{"href":"https:\/\/midus.lt\/lt_lt\/wp-json\/wp\/v2\/pages"}],"about":[{"href":"https:\/\/midus.lt\/lt_lt\/wp-json\/wp\/v2\/types\/page"}],"author":[{"embeddable":true,"href":"https:\/\/midus.lt\/lt_lt\/wp-json\/wp\/v2\/users\/1"}],"replies":[{"embeddable":true,"href":"https:\/\/midus.lt\/lt_lt\/wp-json\/wp\/v2\/comments?post=36"}],"version-history":[{"count":24,"href":"https:\/\/midus.lt\/lt_lt\/wp-json\/wp\/v2\/pages\/36\/revisions"}],"predecessor-version":[{"id":492,"href":"https:\/\/midus.lt\/lt_lt\/wp-json\/wp\/v2\/pages\/36\/revisions\/492"}],"wp:attachment":[{"href":"https:\/\/midus.lt\/lt_lt\/wp-json\/wp\/v2\/media?parent=36"}],"curies":[{"name":"wp","href":"https:\/\/api.w.org\/{rel}","templated":true}]}}