{"id":35,"date":"2025-10-01T08:25:50","date_gmt":"2025-10-01T08:25:50","guid":{"rendered":"https:\/\/midus.lt\/kontaktai\/"},"modified":"2026-03-31T14:02:44","modified_gmt":"2026-03-31T11:02:44","slug":"kontaktai","status":"publish","type":"page","link":"https:\/\/midus.lt\/en\/kontaktai\/","title":{"rendered":"Contact"},"content":{"rendered":"<div class=\"wp-block-group alignfull has-background-background-color has-background has-global-padding is-layout-constrained wp-container-core-group-is-layout-832022f9 wp-block-group-is-layout-constrained\" style=\"margin-top:0;margin-bottom:0;padding-top:0;padding-right:0;padding-bottom:0;padding-left:0\">\n<div class=\"wp-block-cover alignfull wp-duotone-foreground-and-background\" style=\"min-height:463px;aspect-ratio:unset;\"><img loading=\"lazy\" decoding=\"async\" width=\"1280\" height=\"720\" class=\"wp-block-cover__image-background wp-image-338\" alt=\"\" src=\"https:\/\/midus.lt\/wp-content\/uploads\/2025\/10\/09f2400e26c59b6f2e35a8d7ce8037013f08654b.jpg\" data-object-fit=\"cover\" srcset=\"https:\/\/midus.lt\/wp-content\/uploads\/2025\/10\/09f2400e26c59b6f2e35a8d7ce8037013f08654b.jpg 1280w, https:\/\/midus.lt\/wp-content\/uploads\/2025\/10\/09f2400e26c59b6f2e35a8d7ce8037013f08654b-300x169.jpg 300w, https:\/\/midus.lt\/wp-content\/uploads\/2025\/10\/09f2400e26c59b6f2e35a8d7ce8037013f08654b-1024x576.jpg 1024w, https:\/\/midus.lt\/wp-content\/uploads\/2025\/10\/09f2400e26c59b6f2e35a8d7ce8037013f08654b-768x432.jpg 768w\" sizes=\"auto, (max-width: 1280px) 100vw, 1280px\" \/><span aria-hidden=\"true\" class=\"wp-block-cover__background has-secondary-background-color has-background-dim-80 has-background-dim\"><\/span><div class=\"wp-block-cover__inner-container is-layout-flow wp-block-cover-is-layout-flow\">\n<div class=\"wp-block-group has-global-padding is-layout-constrained wp-block-group-is-layout-constrained\" style=\"padding-top:var(--wp--preset--spacing--80);padding-bottom:var(--wp--preset--spacing--80)\">\n<h1 class=\"wp-block-heading alignwide has-text-align-center has-white-color has-text-color\">CONTACT<\/h1>\n<\/div>\n<\/div><\/div>\n<\/div>\n\n\n\n<div class=\"wp-block-group alignfull has-background-background-color has-background has-global-padding is-layout-constrained wp-container-core-group-is-layout-254d6575 wp-block-group-is-layout-constrained\" style=\"margin-top:0;margin-bottom:0;padding-top:var(--wp--preset--spacing--60);padding-right:var(--wp--preset--spacing--30);padding-bottom:var(--wp--preset--spacing--60);padding-left:var(--wp--preset--spacing--30)\">\n<div class=\"wp-block-columns alignwide is-layout-flex wp-container-core-columns-is-layout-28232c24 wp-block-columns-is-layout-flex\">\n<div class=\"wp-block-column is-vertically-aligned-stretch has-background-background-color has-background is-layout-flow wp-container-core-column-is-layout-5672e6e0 wp-block-column-is-layout-flow\" style=\"padding-top:var(--wp--preset--spacing--40);padding-right:var(--wp--preset--spacing--40);padding-bottom:var(--wp--preset--spacing--40);padding-left:var(--wp--preset--spacing--40);flex-basis:33%\">\n<h2 class=\"wp-block-heading has-large-font-size\" style=\"line-height:1\">Call or email<\/h2>\n\n\n\n<p class=\"has-medium-font-size\" style=\"margin-bottom:0;font-style:normal;font-weight:400;line-height:0.8\">General questions, ordering tastings:<\/p>\n\n\n\n<div class=\"wp-block-columns are-vertically-aligned-center is-not-stacked-on-mobile is-layout-flex wp-container-core-columns-is-layout-6db7e666 wp-block-columns-is-layout-flex\">\n<div class=\"wp-block-column is-vertically-aligned-center is-layout-flow wp-block-column-is-layout-flow\" style=\"flex-basis:24px\">\n<figure class=\"wp-block-image size-large wp-duotone-primary-foreground\"><img decoding=\"async\" src=\"data:image\/svg+xml;base64,PHN2ZyB4bWxucz0iaHR0cDovL3d3dy53My5vcmcvMjAwMC9zdmciIGhlaWdodD0iMjRweCIgdmlld0JveD0iMCAtOTYwIDk2MCA5NjAiIHdpZHRoPSIyNHB4IiBmaWxsPSIjMWYxZjFmIj48cGF0aCBkPSJNNzYwLTQ4MHEwLTExNy04MS41LTE5OC41VDQ4MC03NjB2LTgwcTc1IDAgMTQwLjUgMjguNXQxMTQgNzdxNDguNSA0OC41IDc3IDExNFQ4NDAtNDgwaC04MFptLTE2MCAwcTAtNTAtMzUtODV0LTg1LTM1di04MHE4MyAwIDE0MS41IDU4LjVUNjgwLTQ4MGgtODBabTE5OCAzNjBxLTEyNSAwLTI0Ny01NC41VDMyOS0zMjlRMjI5LTQyOSAxNzQuNS01NTFUMTIwLTc5OHEwLTE4IDEyLTMwdDMwLTEyaDE2MnExNCAwIDI1IDkuNXQxMyAyMi41bDI2IDE0MHEyIDE2LTEgMjd0LTExIDE5bC05NyA5OHEyMCAzNyA0Ny41IDcxLjVUMzg3LTM4NnEzMSAzMSA2NSA1Ny41dDcyIDQ4LjVsOTQtOTRxOS05IDIzLjUtMTMuNVQ2NzAtMzkwbDEzOCAyOHExNCA0IDIzIDE0LjV0OSAyMy41djE2MnEwIDE4LTEyIDMwdC0zMCAxMlpNMjQxLTYwMGw2Ni02Ni0xNy05NGgtODlxNSA0MSAxNCA4MXQyNiA3OVptMzU4IDM1OHEzOSAxNyA3OS41IDI3dDgxLjUgMTN2LTg4bC05NC0xOS02NyA2N1pNMjQxLTYwMFptMzU4IDM1OFoiLz48L3N2Zz4=\" alt=\"\"\/><\/figure>\n<\/div>\n\n\n\n<div class=\"wp-block-column is-vertically-aligned-center is-layout-flow wp-container-core-column-is-layout-8a368f38 wp-block-column-is-layout-flow\">\n<p class=\"has-medium-font-size\" style=\"font-style:normal;font-weight:500;line-height:0\">+370 677 17 411<\/p>\n<\/div>\n<\/div>\n\n\n\n<div class=\"wp-block-columns are-vertically-aligned-center is-not-stacked-on-mobile is-layout-flex wp-container-core-columns-is-layout-6db7e666 wp-block-columns-is-layout-flex\">\n<div class=\"wp-block-column is-vertically-aligned-center is-layout-flow wp-block-column-is-layout-flow\" style=\"flex-basis:24px\">\n<figure class=\"wp-block-image size-large wp-duotone-primary-foreground\"><img decoding=\"async\" src=\"data:image\/svg+xml;base64,PHN2ZyB4bWxucz0iaHR0cDovL3d3dy53My5vcmcvMjAwMC9zdmciIGhlaWdodD0iMjRweCIgdmlld0JveD0iMCAtOTYwIDk2MCA5NjAiIHdpZHRoPSIyNHB4IiBmaWxsPSIjMWYxZjFmIj48cGF0aCBkPSJNMTYwLTE2MHEtMzMgMC01Ni41LTIzLjVUODAtMjQwdi00ODBxMC0zMyAyMy41LTU2LjVUMTYwLTgwMGg2NDBxMzMgMCA1Ni41IDIzLjVUODgwLTcyMHY0ODBxMCAzMy0yMy41IDU2LjVUODAwLTE2MEgxNjBabTMyMC0yODBMMTYwLTY0MHY0MDBoNjQwdi00MDBMNDgwLTQ0MFptMC04MCAzMjAtMjAwSDE2MGwzMjAgMjAwWk0xNjAtNjQwdi04MCA0ODAtNDAwWiIvPjwvc3ZnPg==\" alt=\"\"\/><\/figure>\n<\/div>\n\n\n\n<div class=\"wp-block-column is-vertically-aligned-center is-layout-flow wp-container-core-column-is-layout-8a368f38 wp-block-column-is-layout-flow\">\n<p class=\"has-medium-font-size\" style=\"font-style:normal;font-weight:500;line-height:0\">info@midus.lt<\/p>\n<\/div>\n<\/div>\n\n\n\n<div style=\"height:9px\" aria-hidden=\"true\" class=\"wp-block-spacer\"><\/div>\n\n\n\n<p class=\"has-medium-font-size\" style=\"margin-bottom:0;font-style:normal;font-weight:400;line-height:0.6\">Wholesale:<\/p>\n\n\n\n<div class=\"wp-block-columns are-vertically-aligned-center is-not-stacked-on-mobile is-layout-flex wp-container-core-columns-is-layout-6db7e666 wp-block-columns-is-layout-flex\">\n<div class=\"wp-block-column is-vertically-aligned-center is-layout-flow wp-block-column-is-layout-flow\" style=\"flex-basis:24px\">\n<figure class=\"wp-block-image size-large wp-duotone-primary-foreground\"><img decoding=\"async\" src=\"data:image\/svg+xml;base64,PHN2ZyB4bWxucz0iaHR0cDovL3d3dy53My5vcmcvMjAwMC9zdmciIGhlaWdodD0iMjRweCIgdmlld0JveD0iMCAtOTYwIDk2MCA5NjAiIHdpZHRoPSIyNHB4IiBmaWxsPSIjMWYxZjFmIj48cGF0aCBkPSJNNzYwLTQ4MHEwLTExNy04MS41LTE5OC41VDQ4MC03NjB2LTgwcTc1IDAgMTQwLjUgMjguNXQxMTQgNzdxNDguNSA0OC41IDc3IDExNFQ4NDAtNDgwaC04MFptLTE2MCAwcTAtNTAtMzUtODV0LTg1LTM1di04MHE4MyAwIDE0MS41IDU4LjVUNjgwLTQ4MGgtODBabTE5OCAzNjBxLTEyNSAwLTI0Ny01NC41VDMyOS0zMjlRMjI5LTQyOSAxNzQuNS01NTFUMTIwLTc5OHEwLTE4IDEyLTMwdDMwLTEyaDE2MnExNCAwIDI1IDkuNXQxMyAyMi41bDI2IDE0MHEyIDE2LTEgMjd0LTExIDE5bC05NyA5OHEyMCAzNyA0Ny41IDcxLjVUMzg3LTM4NnEzMSAzMSA2NSA1Ny41dDcyIDQ4LjVsOTQtOTRxOS05IDIzLjUtMTMuNVQ2NzAtMzkwbDEzOCAyOHExNCA0IDIzIDE0LjV0OSAyMy41djE2MnEwIDE4LTEyIDMwdC0zMCAxMlpNMjQxLTYwMGw2Ni02Ni0xNy05NGgtODlxNSA0MSAxNCA4MXQyNiA3OVptMzU4IDM1OHEzOSAxNyA3OS41IDI3dDgxLjUgMTN2LTg4bC05NC0xOS02NyA2N1pNMjQxLTYwMFptMzU4IDM1OFoiLz48L3N2Zz4=\" alt=\"\"\/><\/figure>\n<\/div>\n\n\n\n<div class=\"wp-block-column is-vertically-aligned-center is-layout-flow wp-container-core-column-is-layout-8a368f38 wp-block-column-is-layout-flow\">\n<p class=\"has-medium-font-size\" style=\"font-style:normal;font-weight:500;line-height:0\">+370 689 94 299<\/p>\n<\/div>\n<\/div>\n\n\n\n<div class=\"wp-block-columns are-vertically-aligned-center is-not-stacked-on-mobile is-layout-flex wp-container-core-columns-is-layout-6db7e666 wp-block-columns-is-layout-flex\">\n<div class=\"wp-block-column is-vertically-aligned-center is-layout-flow wp-block-column-is-layout-flow\" style=\"flex-basis:24px\">\n<figure class=\"wp-block-image size-large wp-duotone-primary-foreground\"><img decoding=\"async\" src=\"data:image\/svg+xml;base64,PHN2ZyB4bWxucz0iaHR0cDovL3d3dy53My5vcmcvMjAwMC9zdmciIGhlaWdodD0iMjRweCIgdmlld0JveD0iMCAtOTYwIDk2MCA5NjAiIHdpZHRoPSIyNHB4IiBmaWxsPSIjMWYxZjFmIj48cGF0aCBkPSJNMTYwLTE2MHEtMzMgMC01Ni41LTIzLjVUODAtMjQwdi00ODBxMC0zMyAyMy41LTU2LjVUMTYwLTgwMGg2NDBxMzMgMCA1Ni41IDIzLjVUODgwLTcyMHY0ODBxMCAzMy0yMy41IDU2LjVUODAwLTE2MEgxNjBabTMyMC0yODBMMTYwLTY0MHY0MDBoNjQwdi00MDBMNDgwLTQ0MFptMC04MCAzMjAtMjAwSDE2MGwzMjAgMjAwWk0xNjAtNjQwdi04MCA0ODAtNDAwWiIvPjwvc3ZnPg==\" alt=\"\"\/><\/figure>\n<\/div>\n\n\n\n<div class=\"wp-block-column is-vertically-aligned-center is-layout-flow wp-container-core-column-is-layout-8a368f38 wp-block-column-is-layout-flow\">\n<p class=\"has-medium-font-size\" style=\"font-style:normal;font-weight:500;line-height:0\">sales@midus.lt<\/p>\n<\/div>\n<\/div>\n\n\n\n<div style=\"height:9px\" aria-hidden=\"true\" class=\"wp-block-spacer\"><\/div>\n\n\n\n<p class=\"has-medium-font-size\" style=\"margin-bottom:0;font-style:normal;font-weight:400;line-height:0.6\">Branded shop :<\/p>\n\n\n\n<div class=\"wp-block-columns are-vertically-aligned-center is-not-stacked-on-mobile is-layout-flex wp-container-core-columns-is-layout-6db7e666 wp-block-columns-is-layout-flex\">\n<div class=\"wp-block-column is-vertically-aligned-center is-layout-flow wp-block-column-is-layout-flow\" style=\"flex-basis:24px\">\n<figure class=\"wp-block-image size-large wp-duotone-primary-foreground\"><img decoding=\"async\" src=\"data:image\/svg+xml;base64,PHN2ZyB4bWxucz0iaHR0cDovL3d3dy53My5vcmcvMjAwMC9zdmciIGhlaWdodD0iMjRweCIgdmlld0JveD0iMCAtOTYwIDk2MCA5NjAiIHdpZHRoPSIyNHB4IiBmaWxsPSIjMWYxZjFmIj48cGF0aCBkPSJNNzYwLTQ4MHEwLTExNy04MS41LTE5OC41VDQ4MC03NjB2LTgwcTc1IDAgMTQwLjUgMjguNXQxMTQgNzdxNDguNSA0OC41IDc3IDExNFQ4NDAtNDgwaC04MFptLTE2MCAwcTAtNTAtMzUtODV0LTg1LTM1di04MHE4MyAwIDE0MS41IDU4LjVUNjgwLTQ4MGgtODBabTE5OCAzNjBxLTEyNSAwLTI0Ny01NC41VDMyOS0zMjlRMjI5LTQyOSAxNzQuNS01NTFUMTIwLTc5OHEwLTE4IDEyLTMwdDMwLTEyaDE2MnExNCAwIDI1IDkuNXQxMyAyMi41bDI2IDE0MHEyIDE2LTEgMjd0LTExIDE5bC05NyA5OHEyMCAzNyA0Ny41IDcxLjVUMzg3LTM4NnEzMSAzMSA2NSA1Ny41dDcyIDQ4LjVsOTQtOTRxOS05IDIzLjUtMTMuNVQ2NzAtMzkwbDEzOCAyOHExNCA0IDIzIDE0LjV0OSAyMy41djE2MnEwIDE4LTEyIDMwdC0zMCAxMlpNMjQxLTYwMGw2Ni02Ni0xNy05NGgtODlxNSA0MSAxNCA4MXQyNiA3OVptMzU4IDM1OHEzOSAxNyA3OS41IDI3dDgxLjUgMTN2LTg4bC05NC0xOS02NyA2N1pNMjQxLTYwMFptMzU4IDM1OFoiLz48L3N2Zz4=\" alt=\"\"\/><\/figure>\n<\/div>\n\n\n\n<div class=\"wp-block-column is-vertically-aligned-center is-layout-flow wp-container-core-column-is-layout-8a368f38 wp-block-column-is-layout-flow\">\n<p class=\"has-medium-font-size\" style=\"font-style:normal;font-weight:500;line-height:0\">+370 602 09 462<\/p>\n<\/div>\n<\/div>\n\n\n\n<div class=\"wp-block-columns are-vertically-aligned-center is-not-stacked-on-mobile is-layout-flex wp-container-core-columns-is-layout-6db7e666 wp-block-columns-is-layout-flex\">\n<div class=\"wp-block-column is-vertically-aligned-center is-layout-flow wp-block-column-is-layout-flow\" style=\"flex-basis:24px\">\n<figure class=\"wp-block-image size-large wp-duotone-primary-foreground\"><img decoding=\"async\" src=\"data:image\/svg+xml;base64,PHN2ZyB4bWxucz0iaHR0cDovL3d3dy53My5vcmcvMjAwMC9zdmciIGhlaWdodD0iMjRweCIgdmlld0JveD0iMCAtOTYwIDk2MCA5NjAiIHdpZHRoPSIyNHB4IiBmaWxsPSIjMWYxZjFmIj48cGF0aCBkPSJNMTYwLTE2MHEtMzMgMC01Ni41LTIzLjVUODAtMjQwdi00ODBxMC0zMyAyMy41LTU2LjVUMTYwLTgwMGg2NDBxMzMgMCA1Ni41IDIzLjVUODgwLTcyMHY0ODBxMCAzMy0yMy41IDU2LjVUODAwLTE2MEgxNjBabTMyMC0yODBMMTYwLTY0MHY0MDBoNjQwdi00MDBMNDgwLTQ0MFptMC04MCAzMjAtMjAwSDE2MGwzMjAgMjAwWk0xNjAtNjQwdi04MCA0ODAtNDAwWiIvPjwvc3ZnPg==\" alt=\"\"\/><\/figure>\n<\/div>\n\n\n\n<div class=\"wp-block-column is-vertically-aligned-center is-layout-flow wp-container-core-column-is-layout-8a368f38 wp-block-column-is-layout-flow\">\n<p class=\"has-medium-font-size\" style=\"font-style:normal;font-weight:500;line-height:0\">fpb@midus.lt<\/p>\n<\/div>\n<\/div>\n\n\n\n<div style=\"height:9px\" aria-hidden=\"true\" class=\"wp-block-spacer\"><\/div>\n\n\n\n<div class=\"wp-block-columns is-not-stacked-on-mobile is-layout-flex wp-container-core-columns-is-layout-6db7e666 wp-block-columns-is-layout-flex\">\n<div class=\"wp-block-column is-layout-flow wp-block-column-is-layout-flow\" style=\"padding-top:2px;flex-basis:24px\">\n<figure class=\"wp-block-image size-large wp-duotone-primary-foreground\"><img decoding=\"async\" src=\"data:image\/svg+xml;base64,PHN2ZyB4bWxucz0iaHR0cDovL3d3dy53My5vcmcvMjAwMC9zdmciIGhlaWdodD0iMjRweCIgdmlld0JveD0iMCAtOTYwIDk2MCA5NjAiIHdpZHRoPSIyNHB4IiBmaWxsPSIjMWYxZjFmIj48cGF0aCBkPSJNNDgwLTMwMXE5OS04MCAxNDkuNS0xNTRUNjgwLTU5NHEwLTkwLTU2LTE0OHQtMTQ0LTU4cS04OCAwLTE0NCA1OHQtNTYgMTQ4cTAgNjUgNTAuNSAxMzlUNDgwLTMwMVptMCAxMDFRMzM5LTMwNCAyNjkuNS00MDJUMjAwLTU5NHEwLTEyNSA3OC0yMDUuNVQ0ODAtODgwcTEyNCAwIDIwMiA4MC41VDc2MC01OTRxMCA5NC02OS41IDE5MlQ0ODAtMjAwWm0wLTMyMHEzMyAwIDU2LjUtMjMuNVQ1NjAtNjAwcTAtMzMtMjMuNS01Ni41VDQ4MC02ODBxLTMzIDAtNTYuNSAyMy41VDQwMC02MDBxMCAzMyAyMy41IDU2LjVUNDgwLTUyMFpNMjAwLTgwdi04MGg1NjB2ODBIMjAwWm0yODAtNTIwWiIvPjwvc3ZnPg==\" alt=\"\"\/><\/figure>\n<\/div>\n\n\n\n<div class=\"wp-block-column is-layout-flow wp-container-core-column-is-layout-8a368f38 wp-block-column-is-layout-flow\">\n<p class=\"has-medium-font-size\" style=\"font-style:normal;font-weight:500\">Trak\u0173 g. 9, LT59369 Stakli\u0161k\u0117s, Prienai raj. Lithuania<\/p>\n<\/div>\n<\/div>\n<\/div>\n\n\n\n<div class=\"wp-block-column is-layout-flow wp-block-column-is-layout-flow\" style=\"flex-basis:33%\">\n<div style=\"height:8px\" aria-hidden=\"true\" class=\"wp-block-spacer\"><\/div>\n\n\n\n<h2 class=\"wp-block-heading has-large-font-size\" style=\"line-height:1\">Administration opening hours:<\/h2>\n\n\n\n<p style=\"line-height:0.9\">Monday - Thursday 8:00 - 17:00<\/p>\n\n\n\n<p style=\"line-height:0\">Friday 8:00 - 15:45<\/p>\n\n\n\n<div style=\"height:8px\" aria-hidden=\"true\" class=\"wp-block-spacer\"><\/div>\n\n\n\n<div style=\"height:8px\" aria-hidden=\"true\" class=\"wp-block-spacer\"><\/div>\n<\/div>\n\n\n\n<div class=\"wp-block-column is-layout-flow wp-block-column-is-layout-flow\" style=\"flex-basis:29%\">\n<div style=\"height:8px\" aria-hidden=\"true\" class=\"wp-block-spacer\"><\/div>\n\n\n\n<h2 class=\"wp-block-heading has-large-font-size\" style=\"line-height:1\">Opening hours of the shop:<\/h2>\n\n\n<table class=\"mabel-bhi-businesshours\"><tr ><td>Monday<\/td><td>10:00 - 18:00<\/td><\/tr><tr ><td>Tuesday<\/td><td>10:00 - 18:00<\/td><\/tr><tr class=\"mbhi-is-current\"><td>Wednesday<\/td><td>10:00 - 18:00<\/td><\/tr><tr ><td>Thursday<\/td><td>10:00 - 18:00<\/td><\/tr><tr ><td>Friday<\/td><td>10:00 - 18:00<\/td><\/tr><tr ><td>Saturday<\/td><td>10:00 - 18:00<\/td><\/tr><tr ><td>Sunday<\/td><td>10:00 - 15:00<\/td><\/tr><tr class=\"mb-bhi-holiday\"><td>4 Apr<\/td><td>10:00 \u2014 17:00<\/td><\/tr><tr class=\"mb-bhi-holiday\"><td>5 Apr<\/td><td>Closed<\/td><\/tr><tr class=\"mb-bhi-holiday\"><td>6 Apr<\/td><td>10:00 - 15:00<\/td><\/tr><\/table>\n\n\n\n<div style=\"height:8px\" aria-hidden=\"true\" class=\"wp-block-spacer\"><\/div>\n<\/div>\n<\/div>\n<\/div>\n\n\n\n<p><\/p>","protected":false},"excerpt":{"rendered":"<p>Skambinkite, arba ra\u0161ykite Bendrieji klausimai, degustacij\u0173 u\u017esakymas: +370 677 17 411 info@midus.lt Didmenin\u0117 prekyba: +370 689 94 299 sales@midus.lt Firmin\u0117 parduotuv\u0117 : +370 602 09 462 fpb@midus.lt Trak\u0173 g. 9, LT59369 Stakli\u0161k\u0117s, Prien\u0173 raj. sav. Lietuva Administracijos darbo laikas: Pirmadienis \u2013 ketvirtadienis 8:00 \u2014 17:00 Penktadienis 8:00 \u2014 15:45 Parduotuv\u0117s darbo laikas:<\/p>","protected":false},"author":1,"featured_media":0,"parent":0,"menu_order":0,"comment_status":"closed","ping_status":"closed","template":"no-title-sticky-header","meta":{"footnotes":""},"class_list":["post-35","page","type-page","status-publish","hentry"],"aioseo_notices":[],"_links":{"self":[{"href":"https:\/\/midus.lt\/en\/wp-json\/wp\/v2\/pages\/35","targetHints":{"allow":["GET"]}}],"collection":[{"href":"https:\/\/midus.lt\/en\/wp-json\/wp\/v2\/pages"}],"about":[{"href":"https:\/\/midus.lt\/en\/wp-json\/wp\/v2\/types\/page"}],"author":[{"embeddable":true,"href":"https:\/\/midus.lt\/en\/wp-json\/wp\/v2\/users\/1"}],"replies":[{"embeddable":true,"href":"https:\/\/midus.lt\/en\/wp-json\/wp\/v2\/comments?post=35"}],"version-history":[{"count":41,"href":"https:\/\/midus.lt\/en\/wp-json\/wp\/v2\/pages\/35\/revisions"}],"predecessor-version":[{"id":450,"href":"https:\/\/midus.lt\/en\/wp-json\/wp\/v2\/pages\/35\/revisions\/450"}],"wp:attachment":[{"href":"https:\/\/midus.lt\/en\/wp-json\/wp\/v2\/media?parent=35"}],"curies":[{"name":"wp","href":"https:\/\/api.w.org\/{rel}","templated":true}]}}