{"id":33,"date":"2025-10-01T08:25:49","date_gmt":"2025-10-01T08:25:49","guid":{"rendered":"https:\/\/midus.lt\/apie-mus\/"},"modified":"2026-03-02T15:58:28","modified_gmt":"2026-03-02T13:58:28","slug":"apie-mus","status":"publish","type":"page","link":"https:\/\/midus.lt\/en\/apie-mus\/","title":{"rendered":"About us"},"content":{"rendered":"<div class=\"wp-block-cover alignfull\" style=\"margin-top:0;margin-bottom:0;padding-top:0;padding-right:0;padding-bottom:0;padding-left:0;min-height:741px;aspect-ratio:unset;\"><img loading=\"lazy\" decoding=\"async\" width=\"2560\" height=\"1707\" class=\"wp-block-cover__image-background wp-image-568 size-full\" alt=\"\" src=\"https:\/\/midus.lt\/wp-content\/uploads\/2026\/03\/005-_-MIDUS-scaled.jpg\" style=\"object-position:38% 76%\" data-object-fit=\"cover\" data-object-position=\"38% 76%\" srcset=\"https:\/\/midus.lt\/wp-content\/uploads\/2026\/03\/005-_-MIDUS-scaled.jpg 2560w, https:\/\/midus.lt\/wp-content\/uploads\/2026\/03\/005-_-MIDUS-300x200.jpg 300w, https:\/\/midus.lt\/wp-content\/uploads\/2026\/03\/005-_-MIDUS-1024x683.jpg 1024w, https:\/\/midus.lt\/wp-content\/uploads\/2026\/03\/005-_-MIDUS-768x512.jpg 768w, https:\/\/midus.lt\/wp-content\/uploads\/2026\/03\/005-_-MIDUS-1536x1024.jpg 1536w, https:\/\/midus.lt\/wp-content\/uploads\/2026\/03\/005-_-MIDUS-2048x1365.jpg 2048w, https:\/\/midus.lt\/wp-content\/uploads\/2026\/03\/005-_-MIDUS-18x12.jpg 18w\" sizes=\"auto, (max-width: 2560px) 100vw, 2560px\" \/><span aria-hidden=\"true\" class=\"wp-block-cover__background has-black-background-color has-background-dim-40 has-background-dim\"><\/span><div class=\"wp-block-cover__inner-container is-layout-flow wp-container-core-cover-is-layout-23b369b3 wp-block-cover-is-layout-flow\">\n<div class=\"wp-block-group alignwide has-global-padding is-content-justification-left is-layout-constrained wp-container-core-group-is-layout-12dd3699 wp-block-group-is-layout-constrained\">\n<h1 class=\"wp-block-heading has-text-align-center has-white-color has-text-color has-xx-large-font-size\">About us<\/h1>\n\n\n\n<p class=\"has-text-align-center has-white-color has-text-color\" style=\"margin-top:16px\"><\/p>\n<\/div>\n\n\n\n<div class=\"wp-block-group has-global-padding is-layout-constrained wp-block-group-is-layout-constrained\" style=\"padding-top:var(--wp--preset--spacing--80);padding-bottom:var(--wp--preset--spacing--80)\"><\/div>\n<\/div><\/div>\n\n\n\n<h2 class=\"wp-block-heading\">Our history<\/h2>\n\n\n\n<p class=\"has-text-align-left has-secondary-color has-text-color\" style=\"margin-top:16px\">Combining our love for honey with our passion for beverage production, we have become one of the largest mead producers in Northern and Central Europe, offering a wide range of honey-based alcoholic and non-alcoholic beverages.Lithuanian Mead is located in the heart of Lithuania, in the picturesque town of Stakli\u0161ki. Our history dates back to 1889, when a unique brewery was established, and since 1959, Stakli\u0161k\u0117s mead has become one of the company's best known and most valuable products. The drink has a Protected Geographical Indication (PGI).<\/p>\n\n\n\n<h2 class=\"wp-block-heading\">What is mead<\/h2>\n\n\n\n<p>Mead is one of the world's oldest alcoholic beverages, and its popularity is growing rapidly today as it is rediscovered by a growing number of consumers. It is a naturally fermented honey beverage, produced using processes similar to wine production, with a strength of 14-15 %.Although the tradition of mead production has remained unchanged for centuries, it is now the basis for a wide range of modern products, from mead nectars and spirits to cocktails and light, carbonated mead drinks.<\/p>\n\n\n\n<h2 class=\"wp-block-heading\">Production<\/h2>\n\n\n\n<p>Many people still mistakenly believe that mead is a very sweet, strong drink, once drunk only by priests or monks. While this may have been true in the past, today mead has evolved. The mead we create is a link between the world's oldest drink and modern craftsmanship. Today, we produce light, refreshing mead drinks with the highest quality ingredients and natural additives, and distil mead to create a wide range of high quality spirits. <\/p>\n\n\n\n<p>Keeping to high standards <a title=\"\" href=\"https:\/\/midus.lt\/wp-content\/uploads\/2026\/01\/kokybes_politika_2025.jpg\" target=\"_blank\" rel=\"noopener\">quality<\/a> standards and responsible manufacturing principles, we have implemented <a title=\"\" href=\"https:\/\/midus.lt\/wp-content\/uploads\/2026\/01\/iso_9001_2025.jpg\" target=\"_blank\" rel=\"noopener\">ISO 9001:2015 (LST EN ISO 9001:2015)<\/a> a quality management system to ensure consistent improvement of production processes and product reliability.<\/p>\n\n\n\n<p><\/p>","protected":false},"excerpt":{"rendered":"<p>M\u016bs\u0173 istorija Sujung\u0119 meil\u0119 medui su aistra g\u0117rim\u0173 gamybai, tapome vienais did\u017eiausi\u0173 midaus gamintoj\u0173 \u0160iaur\u0117s ir Vidurio Europoje, si\u016blan\u010di\u0173 plat\u0173 medaus pagrindu sukurt\u0173 alkoholini\u0173 ir nealkoholini\u0173 g\u0117rim\u0173 asortiment\u0105.\u201eLietuvi\u0161kas midus\u201c \u2013 \u012fsik\u016br\u0119s pa\u010dioje Lietuvos \u0161irdyje, vaizdingame Stakli\u0161ki\u0173 miestelyje. M\u016bs\u0173 istorija prasid\u0117jo dar 1889 m., \u012fk\u016brus unikali\u0105 alaus darykl\u0105, o nuo 1959-\u0173j\u0173 gaminamas midus \u201eStakli\u0161k\u0117s\u201c tapo vienu [&hellip;]<\/p>\n","protected":false},"author":1,"featured_media":0,"parent":0,"menu_order":0,"comment_status":"closed","ping_status":"closed","template":"no-title-sticky-header","meta":{"footnotes":""},"class_list":["post-33","page","type-page","status-publish","hentry"],"aioseo_notices":[],"_links":{"self":[{"href":"https:\/\/midus.lt\/en\/wp-json\/wp\/v2\/pages\/33","targetHints":{"allow":["GET"]}}],"collection":[{"href":"https:\/\/midus.lt\/en\/wp-json\/wp\/v2\/pages"}],"about":[{"href":"https:\/\/midus.lt\/en\/wp-json\/wp\/v2\/types\/page"}],"author":[{"embeddable":true,"href":"https:\/\/midus.lt\/en\/wp-json\/wp\/v2\/users\/1"}],"replies":[{"embeddable":true,"href":"https:\/\/midus.lt\/en\/wp-json\/wp\/v2\/comments?post=33"}],"version-history":[{"count":34,"href":"https:\/\/midus.lt\/en\/wp-json\/wp\/v2\/pages\/33\/revisions"}],"predecessor-version":[{"id":576,"href":"https:\/\/midus.lt\/en\/wp-json\/wp\/v2\/pages\/33\/revisions\/576"}],"wp:attachment":[{"href":"https:\/\/midus.lt\/en\/wp-json\/wp\/v2\/media?parent=33"}],"curies":[{"name":"wp","href":"https:\/\/api.w.org\/{rel}","templated":true}]}}